{"id":20604,"date":"2026-01-17T11:15:10","date_gmt":"2026-01-17T11:15:10","guid":{"rendered":"https:\/\/cultiverlapluie-lefilm.com\/?page_id=20604"},"modified":"2026-02-18T16:03:37","modified_gmt":"2026-02-18T16:03:37","slug":"contact","status":"publish","type":"page","link":"https:\/\/cultiverlapluie-lefilm.com\/index.php\/contact\/","title":{"rendered":"Contact"},"content":{"rendered":"<div class=\"wpb-content-wrapper\"><section class=\"vc_row wpb_row vc_row-fluid\"><div class=\"wpb_column vc_column_container vc_col-sm-12  col-xs-mobile-fullwidth\"><div class=\"vc_column-inner \"><div class=\"wpb_wrapper\">[vc_custom_heading text=\u00a0\u00bbCONTACT\u00a0\u00bb font_container=\u00a0\u00bbtag:h3|text_align:center\u00a0\u00bb css=\u00a0\u00bb\u00a0\u00bb]<div class=\"last-paragraph-no-margin\"><h5 style=\"text-align: left;\"><em><img loading=\"lazy\" decoding=\"async\" class=\"alignleft wp-image-20615 size-full\" src=\"http:\/\/cultiverlapluie-lefilm.com\/wp-content\/uploads\/2026\/02\/50_adresse_lien_hr_3100-scaled.jpg\" alt=\"\" width=\"2560\" height=\"1674\" srcset=\"https:\/\/cultiverlapluie-lefilm.com\/wp-content\/uploads\/2026\/02\/50_adresse_lien_hr_3100-scaled.jpg 2560w, https:\/\/cultiverlapluie-lefilm.com\/wp-content\/uploads\/2026\/02\/50_adresse_lien_hr_3100-300x196.jpg 300w, https:\/\/cultiverlapluie-lefilm.com\/wp-content\/uploads\/2026\/02\/50_adresse_lien_hr_3100-1024x670.jpg 1024w, https:\/\/cultiverlapluie-lefilm.com\/wp-content\/uploads\/2026\/02\/50_adresse_lien_hr_3100-768x502.jpg 768w, https:\/\/cultiverlapluie-lefilm.com\/wp-content\/uploads\/2026\/02\/50_adresse_lien_hr_3100-1536x1004.jpg 1536w, https:\/\/cultiverlapluie-lefilm.com\/wp-content\/uploads\/2026\/02\/50_adresse_lien_hr_3100-2048x1339.jpg 2048w, https:\/\/cultiverlapluie-lefilm.com\/wp-content\/uploads\/2026\/02\/50_adresse_lien_hr_3100-1179x771.jpg 1179w, https:\/\/cultiverlapluie-lefilm.com\/wp-content\/uploads\/2026\/02\/50_adresse_lien_hr_3100-120x78.jpg 120w, https:\/\/cultiverlapluie-lefilm.com\/wp-content\/uploads\/2026\/02\/50_adresse_lien_hr_3100-81x53.jpg 81w\" sizes=\"auto, (max-width: 2560px) 100vw, 2560px\" \/><\/em>Le film est disponible pour des cin\u00e9-d\u00e9bats, les colloques, salons ou festivals, pour tout souhait de projection publique telle que salle municipale, cin\u00e9ma, association, lyc\u00e9e ou autre, prendre contact avec Sabine \u00e0 :<\/h5>\n<h5 style=\"text-align: center;\"><strong>lescerclesvertueux@proton.me<\/strong><\/h5>\n<\/div><\/div><\/div><\/div><\/section>\n<\/div>","protected":false},"excerpt":{"rendered":"[vc_custom_heading text=\"CONTACT\" font_container=\"tag:h3|text_align:center\" css=\"\"]Le film est disponible pour des cin\u00e9-d\u00e9bats, les colloques, salons ou festivals, pour tout souhait de projection publique telle que salle municipale, cin\u00e9ma, association, lyc\u00e9e ou autre, prendre contact avec Sabine \u00e0 : lescerclesvertueux@proton.me","protected":false},"author":2,"featured_media":20615,"parent":0,"menu_order":0,"comment_status":"closed","ping_status":"closed","template":"","meta":{"footnotes":""},"class_list":["post-20604","page","type-page","status-publish","has-post-thumbnail","hentry"],"_links":{"self":[{"href":"https:\/\/cultiverlapluie-lefilm.com\/index.php\/wp-json\/wp\/v2\/pages\/20604","targetHints":{"allow":["GET"]}}],"collection":[{"href":"https:\/\/cultiverlapluie-lefilm.com\/index.php\/wp-json\/wp\/v2\/pages"}],"about":[{"href":"https:\/\/cultiverlapluie-lefilm.com\/index.php\/wp-json\/wp\/v2\/types\/page"}],"author":[{"embeddable":true,"href":"https:\/\/cultiverlapluie-lefilm.com\/index.php\/wp-json\/wp\/v2\/users\/2"}],"replies":[{"embeddable":true,"href":"https:\/\/cultiverlapluie-lefilm.com\/index.php\/wp-json\/wp\/v2\/comments?post=20604"}],"version-history":[{"count":9,"href":"https:\/\/cultiverlapluie-lefilm.com\/index.php\/wp-json\/wp\/v2\/pages\/20604\/revisions"}],"predecessor-version":[{"id":20647,"href":"https:\/\/cultiverlapluie-lefilm.com\/index.php\/wp-json\/wp\/v2\/pages\/20604\/revisions\/20647"}],"wp:featuredmedia":[{"embeddable":true,"href":"https:\/\/cultiverlapluie-lefilm.com\/index.php\/wp-json\/wp\/v2\/media\/20615"}],"wp:attachment":[{"href":"https:\/\/cultiverlapluie-lefilm.com\/index.php\/wp-json\/wp\/v2\/media?parent=20604"}],"curies":[{"name":"wp","href":"https:\/\/api.w.org\/{rel}","templated":true}]}}