{"id":20595,"date":"2026-01-17T11:10:07","date_gmt":"2026-01-17T11:10:07","guid":{"rendered":"https:\/\/cultiverlapluie-lefilm.com\/?page_id=20595"},"modified":"2026-02-18T21:33:39","modified_gmt":"2026-02-18T21:33:39","slug":"les-retombees","status":"publish","type":"page","link":"https:\/\/cultiverlapluie-lefilm.com\/index.php\/les-retombees\/","title":{"rendered":"Les retomb\u00e9es"},"content":{"rendered":"<div class=\"wpb-content-wrapper\"><section class=\"vc_row wpb_row vc_row-fluid\"><div class=\"wpb_column vc_column_container vc_col-sm-12  col-xs-mobile-fullwidth\"><div class=\"vc_column-inner \"><div class=\"wpb_wrapper\">[vc_custom_heading text=\u00a0\u00bbARTICLES PARUS\u00a0\u00bb font_container=\u00a0\u00bbtag:h3|text_align:left\u00a0\u00bb css=\u00a0\u00bb\u00a0\u00bb]<div class=\"last-paragraph-no-margin\"><p><img loading=\"lazy\" decoding=\"async\" class=\"alignnone size-full wp-image-20606\" src=\"http:\/\/cultiverlapluie-lefilm.com\/wp-content\/uploads\/2026\/01\/12_cultiver_la_pluie_hommage_francis_halle_rfi_w2800-scaled.jpg\" alt=\"\" width=\"2560\" height=\"1436\" srcset=\"https:\/\/cultiverlapluie-lefilm.com\/wp-content\/uploads\/2026\/01\/12_cultiver_la_pluie_hommage_francis_halle_rfi_w2800-scaled.jpg 2560w, https:\/\/cultiverlapluie-lefilm.com\/wp-content\/uploads\/2026\/01\/12_cultiver_la_pluie_hommage_francis_halle_rfi_w2800-300x168.jpg 300w, https:\/\/cultiverlapluie-lefilm.com\/wp-content\/uploads\/2026\/01\/12_cultiver_la_pluie_hommage_francis_halle_rfi_w2800-1024x575.jpg 1024w, https:\/\/cultiverlapluie-lefilm.com\/wp-content\/uploads\/2026\/01\/12_cultiver_la_pluie_hommage_francis_halle_rfi_w2800-768x431.jpg 768w, https:\/\/cultiverlapluie-lefilm.com\/wp-content\/uploads\/2026\/01\/12_cultiver_la_pluie_hommage_francis_halle_rfi_w2800-1536x862.jpg 1536w, https:\/\/cultiverlapluie-lefilm.com\/wp-content\/uploads\/2026\/01\/12_cultiver_la_pluie_hommage_francis_halle_rfi_w2800-2048x1149.jpg 2048w, https:\/\/cultiverlapluie-lefilm.com\/wp-content\/uploads\/2026\/01\/12_cultiver_la_pluie_hommage_francis_halle_rfi_w2800-1200x673.jpg 1200w, https:\/\/cultiverlapluie-lefilm.com\/wp-content\/uploads\/2026\/01\/12_cultiver_la_pluie_hommage_francis_halle_rfi_w2800-120x67.jpg 120w, https:\/\/cultiverlapluie-lefilm.com\/wp-content\/uploads\/2026\/01\/12_cultiver_la_pluie_hommage_francis_halle_rfi_w2800-81x45.jpg 81w\" sizes=\"auto, (max-width: 2560px) 100vw, 2560px\" \/><\/p>\n<p>Le <strong>8 janvier 2026<\/strong>, l\u2019\u00e9mission <a href=\"https:\/\/www.rfi.fr\/fr\/podcasts\/8-milliards-de-voisins\/20260108-face-aux-s%C3%A9cheresses-et-aux-inondations-peut-on-cultiver-la-pluie\" target=\"_blank\" rel=\"noopener\"><strong>8 milliards de voisins<\/strong><\/a> sur <strong>Radio France Internationale<\/strong> posait une question devenue centrale \u00e0 l\u2019heure des al\u00e9as climatiques :<\/p>\n<blockquote>\n<h3><em>\u00ab\u00a0Face aux s\u00e9cheresses et aux inondations, peut-on cultiver la pluie ?\u00a0\u00bb<\/em><\/h3>\n<\/blockquote>\n<p>Une question simple en apparence, mais profond\u00e9ment politique, \u00e9cologique et culturelle.<\/p>\n<p>Selon RFI : \u00ab\u00a0Peut-on cultiver la pluie comme on cultive les l\u00e9gumes ou les c\u00e9r\u00e9ales ? Entre les inondations et les s\u00e9cheresses, l\u2019eau est soit trop pr\u00e9sente, soit pas assez, jamais l\u00e0 o\u00f9 et quand on en a besoin. La tentation de la discipliner est donc grande. Car les d\u00e9r\u00e8glements climatiques en cours n\u2019auront de cesse d\u2019accentuer ces ph\u00e9nom\u00e8nes. En b\u00e9tonnant les sols pour les routes et les b\u00e2timents, en pratiquant une agriculture intensive, en d\u00e9truisant les mangroves ou les zones humides, l\u2019homme a \u00e9galement perturb\u00e9 le chemin de l\u2019eau. Le sol n\u2019ayant plus la capacit\u00e9 d\u2019absorber l\u2019eau suffisamment. Il est n\u00e9anmoins possible, gr\u00e2ce \u00e0 des r\u00e9am\u00e9nagements, \u00e0 la plantation d\u2019arbres et de haies, d\u2019aider l\u2019eau \u00e0 retrouver sa juste place. Entre rigoles drainantes, jardins de pluie, et villes \u00e9ponges, quelles sont les initiatives pour restaurer le chemin de l\u2019eau ? Sont-elles d\u00e9ployables \u00e0 grande \u00e9chelle ?\u00a0\u00bb<\/p>\n<h3>Restaurer le chemin de l\u2019eau<\/h3>\n<p>Anim\u00e9e par <strong>Emmanuelle Bastide<\/strong>, l\u2019\u00e9mission a rappel\u00e9 un constat d\u00e9sormais bien document\u00e9 : l\u2019eau n\u2019a pas disparu, mais <strong>son chemin a \u00e9t\u00e9 bris\u00e9<\/strong>.<\/p>\n<p>Artificialisation des sols, agriculture industrielle, destruction des zones humides, des haies, des mangroves et des for\u00eats : en voulant dominer l\u2019eau, nous avons rompu les \u00e9quilibres qui permettaient son infiltration, son stockage, son ralentissement et sa redistribution dans les paysages.<\/p>\n<p>R\u00e9sultat :<\/p>\n<ul>\n<li>trop d\u2019eau, trop vite \u2192 inondations<\/li>\n<li>plus assez d\u2019eau, au mauvais moment \u2192 s\u00e9cheresses<\/li>\n<\/ul>\n<p>Pourtant, des solutions existent. Elles sont connues, \u00e9prouv\u00e9es, et souvent anciennes :<br \/>\narbres, haies, sols vivants, noues d\u2019infiltration, jardins de pluie, paysages ralentisseurs, <a href=\"https:\/\/autonomiealimentaire.info\/ville-eponge\/\" target=\"_blank\" rel=\"noopener\">villes \u00e9ponges<\/a>.<\/p>\n<p>Ce sont pr\u00e9cis\u00e9ment ces approches que d\u00e9fend et documente le travail autour de <strong>\u00ab cultiver la pluie \u00bb<\/strong>.<\/p>\n<p>L\u2019\u00e9mission s\u2019est d\u00e9roul\u00e9e avec :<\/p>\n<p>\u2022 <strong>Fran\u00e7ois Rouillay<\/strong>, chercheur-formateur en r\u00e9silience alimentaire et s\u00e9curit\u00e9 publique. Co-auteur avec Sabine Becker et Marc Khanne de <em>Cultiver la pluie et restaurer le chemin de l\u2019eau<\/em> (Terre vivante, 2025).<\/p>\n<p>\u2022 <strong>Sabine Becker<\/strong>, ing\u00e9nieur-urbaniste, autrice, conf\u00e9renci\u00e8re. Co-autrice avec Fran\u00e7ois Rouillay et Marc Khanne de <em>Cultiver la pluie et restaurer le chemin de l\u2019eau<\/em> (Terre vivante, 2025).<\/p>\n<p>\u2022 <strong>Lionel Goujon<\/strong>, Responsable de la division Eau et Assainissement \u00e0 l\u2019AFD.<\/p>\n<p><img decoding=\"async\" class=\"emoji\" role=\"img\" draggable=\"false\" src=\"https:\/\/s.w.org\/images\/core\/emoji\/17.0.2\/svg\/1f449.svg\" alt=\"\ud83d\udc49\" \/> <strong><a href=\"https:\/\/www.rfi.fr\/fr\/podcasts\/8-milliards-de-voisins\/20260108-face-aux-s\u00e9cheresses-et-aux-inondations-peut-on-cultiver-la-pluie\" target=\"_blank\" rel=\"noopener\">\u00c9couter l\u2019\u00e9mission<\/a> en Podcast sur RFI.<\/strong><\/p>\n<\/div>[vc_separator][vc_video link=\u00a0\u00bbhttps:\/\/www.youtube.com\/watch?v=wW6218Xk8Vs\u00a0\u00bb css=\u00a0\u00bb\u00a0\u00bb]<\/div><\/div><\/div><\/section>\n<\/div>","protected":false},"excerpt":{"rendered":"[vc_custom_heading text=\"ARTICLES PARUS\" font_container=\"tag:h3|text_align:left\" css=\"\"] Le 8 janvier 2026, l\u2019\u00e9mission 8 milliards de voisins sur Radio France Internationale posait une question devenue centrale \u00e0 l\u2019heure des al\u00e9as climatiques : \u00ab\u00a0Face aux s\u00e9cheresses et aux inondations, peut-on cultiver la pluie ?\u00a0\u00bb Une question simple en apparence, mais profond\u00e9ment politique, \u00e9cologique et culturelle. Selon RFI : \u00ab\u00a0Peut-on cultiver la pluie comme on cultive les l\u00e9gumes ou les c\u00e9r\u00e9ales ? Entre les inondations et les s\u00e9cheresses, l\u2019eau est soit trop pr\u00e9sente, soit pas assez, jamais l\u00e0 o\u00f9 et quand on en a besoin. La tentation de la discipliner est donc grande. Car les d\u00e9r\u00e8glements climatiques en cours n\u2019auront de cesse d\u2019accentuer ces ph\u00e9nom\u00e8nes. En b\u00e9tonnant les sols pour les routes et les b\u00e2timents, en pratiquant une agriculture intensive, en d\u00e9truisant les mangroves ou les zones humides, l\u2019homme a \u00e9galement perturb\u00e9 le chemin de l\u2019eau. Le sol n\u2019ayant plus la capacit\u00e9 d\u2019absorber l\u2019eau suffisamment. Il est n\u00e9anmoins possible, gr\u00e2ce \u00e0 des r\u00e9am\u00e9nagements, \u00e0 la plantation d\u2019arbres et de haies, d\u2019aider l\u2019eau \u00e0 retrouver sa juste place. Entre rigoles drainantes, jardins de pluie, et villes \u00e9ponges, quelles sont les initiatives pour restaurer le chemin de l\u2019eau ? Sont-elles d\u00e9ployables \u00e0 grande \u00e9chelle ?\u00a0\u00bb Restaurer le...","protected":false},"author":3,"featured_media":0,"parent":0,"menu_order":0,"comment_status":"closed","ping_status":"closed","template":"","meta":{"footnotes":""},"class_list":["post-20595","page","type-page","status-publish","hentry"],"_links":{"self":[{"href":"https:\/\/cultiverlapluie-lefilm.com\/index.php\/wp-json\/wp\/v2\/pages\/20595","targetHints":{"allow":["GET"]}}],"collection":[{"href":"https:\/\/cultiverlapluie-lefilm.com\/index.php\/wp-json\/wp\/v2\/pages"}],"about":[{"href":"https:\/\/cultiverlapluie-lefilm.com\/index.php\/wp-json\/wp\/v2\/types\/page"}],"author":[{"embeddable":true,"href":"https:\/\/cultiverlapluie-lefilm.com\/index.php\/wp-json\/wp\/v2\/users\/3"}],"replies":[{"embeddable":true,"href":"https:\/\/cultiverlapluie-lefilm.com\/index.php\/wp-json\/wp\/v2\/comments?post=20595"}],"version-history":[{"count":27,"href":"https:\/\/cultiverlapluie-lefilm.com\/index.php\/wp-json\/wp\/v2\/pages\/20595\/revisions"}],"predecessor-version":[{"id":20650,"href":"https:\/\/cultiverlapluie-lefilm.com\/index.php\/wp-json\/wp\/v2\/pages\/20595\/revisions\/20650"}],"wp:attachment":[{"href":"https:\/\/cultiverlapluie-lefilm.com\/index.php\/wp-json\/wp\/v2\/media?parent=20595"}],"curies":[{"name":"wp","href":"https:\/\/api.w.org\/{rel}","templated":true}]}}