{"id":20511,"date":"2025-08-28T13:40:31","date_gmt":"2025-08-28T13:40:31","guid":{"rendered":"https:\/\/cultiverlapluie-lefilm.com\/?page_id=20511"},"modified":"2026-02-18T16:06:23","modified_gmt":"2026-02-18T16:06:23","slug":"20511-2","status":"publish","type":"page","link":"https:\/\/cultiverlapluie-lefilm.com\/","title":{"rendered":"Cultiver la pluie"},"content":{"rendered":"<div class=\"wpb-content-wrapper\"><section class=\"vc_row wpb_row vc_row-fluid\"><div class=\"wpb_column vc_column_container vc_col-sm-12  col-xs-mobile-fullwidth wow slideInUp\"><div class=\"vc_column-inner \"><div class=\"wpb_wrapper\"><div class=\"vc_row wpb_row vc_inner vc_row-fluid\"><div class=\"wpb_column vc_column_container vc_col-sm-12  col-xs-mobile-fullwidth\"><div class=\"vc_column-inner \"><div class=\"wpb_wrapper\">[vc_single_image image=\u00a0\u00bb8&Prime; img_size=\u00a0\u00bblarge\u00a0\u00bb alignment=\u00a0\u00bbcenter\u00a0\u00bb onclick=\u00a0\u00bbcustom_link\u00a0\u00bb css=\u00a0\u00bb\u00a0\u00bb link=\u00a0\u00bbhttps:\/\/www.pom.tv\/film\/ww\/enjeux-de-societe\/cultiver-la-pluie\u00a0\u00bb]<\/div><\/div><\/div><\/div><div class=\"vc_row wpb_row vc_inner vc_row-fluid  vc_custom_1756974778322 wow none\"><div class=\"wpb_column vc_column_container vc_col-sm-6  col-xs-mobile-fullwidth wow slideInLeft text-center\"><div class=\"vc_column-inner \"><div class=\"wpb_wrapper\"><div class=\" vc_custom_1756974396758 last-paragraph-no-margin\"><p style=\"text-align: center;\">Le film \u00ab CULTIVER LA PLUIE \u00bb (75 minutes) est produit par Films Figures Libres, avec le soutien du Centre National du Cin\u00e9ma et de l\u2019image anim\u00e9e, de la R\u00e9gion Occitanie \/ Pyr\u00e9n\u00e9es \u2013 M\u00e9diterran\u00e9e, et en coproduction avec POM tv, Pyr\u00e9n\u00e9es Occitanie M\u00e9diterran\u00e9e t\u00e9l\u00e9vision, avec la participation des Cercles Vertueux.<\/p>\n<p style=\"text-align: center;\">Il est propos\u00e9 ici dans le cadre d\u2019une collaboration avec les \u00e9ditions Terre Vivante.<\/p>\n<\/div><a  href=\"https:\/\/www.pom.tv\/film\/ww\/enjeux-de-societe\/cultiver-la-pluie\" target=\"_blank\" class=\"btn pofo-button-1 bg-position-center-top  wow fadeIn button-style7  btn-transparent-dark-gray btn-rounded  vc_custom_1771429608693\" >Voir le programme sur POM.tv<\/a><\/div><\/div><\/div><div class=\"wpb_column vc_column_container vc_col-sm-6  col-xs-mobile-fullwidth wow slideInRight text-center\"><div class=\"vc_column-inner \"><div class=\"wpb_wrapper\"><div class=\" vc_custom_1756974256398 last-paragraph-no-margin\"><p style=\"text-align: center;\">\u00a0Il sera propos\u00e9 ici\u00a0pour accompagner la sortie du livre \u00e9ponyme\u00a0dans le cadre d&rsquo;une collaboration avec les \u00e9ditions Terre vivante \u00e0 partir du 25 septembre.<\/p>\n<p style=\"text-align: center;\">226 pages de t\u00e9moignages et d\u2019entretiens compl\u00e9t\u00e9es de nombreuses fiches et d\u2019explications pratiques.<\/p>\n<\/div><a  href=\"https:\/\/www.terrevivante.org\/boutique\/livres\/societe-engagement\/cultiver-la-pluie-et-restaurer-le-chemin-de-leau\/\" target=\"_blank\" class=\"btn pofo-button-2 button-style7  btn-transparent-dark-gray btn-rounded  vc_custom_1758741672277\" >https:\/\/www.terrevivante.org\/<\/a><\/div><\/div><\/div><\/div><div class=\"vc_row wpb_row vc_inner vc_row-fluid  vc_custom_1771430256065\"><div class=\"wpb_column vc_column_container vc_col-sm-12  col-xs-mobile-fullwidth\"><div class=\"vc_column-inner \"><div class=\"wpb_wrapper\"><div class=\" vc_custom_1771430770472 last-paragraph-no-margin\"><p>Le film est disponible pour des cin\u00e9-d\u00e9bats, les colloques, salons ou festivals, pour tout souhait de projection publique telle que salle municipale, cin\u00e9ma, association, lyc\u00e9e ou autre, prendre contact avec Sabine \u00e0 l&rsquo;adresse email suivante : <a href=\"mailto:lescerclesvertueux@proton.me\">lescerclesvertueux@proton.me<\/a><\/p>\n<\/div><\/div><\/div><\/div><\/div><\/div><\/div><\/div><\/section>\n<\/div>","protected":false},"excerpt":{"rendered":"[vc_single_image image=\"8\" img_size=\"large\" alignment=\"center\" onclick=\"custom_link\" css=\"\" link=\"https:\/\/www.pom.tv\/film\/ww\/enjeux-de-societe\/cultiver-la-pluie\"]Le film \u00ab CULTIVER LA PLUIE \u00bb (75 minutes) est produit par Films Figures Libres, avec le soutien du Centre National du Cin\u00e9ma et de l\u2019image anim\u00e9e, de la R\u00e9gion Occitanie \/ Pyr\u00e9n\u00e9es \u2013 M\u00e9diterran\u00e9e, et en coproduction avec POM tv, Pyr\u00e9n\u00e9es Occitanie M\u00e9diterran\u00e9e t\u00e9l\u00e9vision, avec la participation des Cercles Vertueux. Il est propos\u00e9 ici dans le cadre d\u2019une collaboration avec les \u00e9ditions Terre Vivante. Voir le programme sur POM.tv\u00a0Il sera propos\u00e9 ici\u00a0pour accompagner la sortie du livre \u00e9ponyme\u00a0dans le cadre d'une collaboration avec les \u00e9ditions Terre vivante \u00e0 partir du 25 septembre. 226 pages de t\u00e9moignages et d\u2019entretiens compl\u00e9t\u00e9es de nombreuses fiches et d\u2019explications pratiques. https:\/\/www.terrevivante.org\/Le film est disponible pour des cin\u00e9-d\u00e9bats, les colloques, salons ou festivals, pour tout souhait de projection publique telle que salle municipale, cin\u00e9ma, association, lyc\u00e9e ou autre, prendre contact avec Sabine \u00e0 l'adresse email suivante : lescerclesvertueux@proton.me","protected":false},"author":1,"featured_media":0,"parent":0,"menu_order":0,"comment_status":"closed","ping_status":"closed","template":"","meta":{"footnotes":""},"class_list":["post-20511","page","type-page","status-publish","hentry"],"_links":{"self":[{"href":"https:\/\/cultiverlapluie-lefilm.com\/index.php\/wp-json\/wp\/v2\/pages\/20511","targetHints":{"allow":["GET"]}}],"collection":[{"href":"https:\/\/cultiverlapluie-lefilm.com\/index.php\/wp-json\/wp\/v2\/pages"}],"about":[{"href":"https:\/\/cultiverlapluie-lefilm.com\/index.php\/wp-json\/wp\/v2\/types\/page"}],"author":[{"embeddable":true,"href":"https:\/\/cultiverlapluie-lefilm.com\/index.php\/wp-json\/wp\/v2\/users\/1"}],"replies":[{"embeddable":true,"href":"https:\/\/cultiverlapluie-lefilm.com\/index.php\/wp-json\/wp\/v2\/comments?post=20511"}],"version-history":[{"count":40,"href":"https:\/\/cultiverlapluie-lefilm.com\/index.php\/wp-json\/wp\/v2\/pages\/20511\/revisions"}],"predecessor-version":[{"id":20640,"href":"https:\/\/cultiverlapluie-lefilm.com\/index.php\/wp-json\/wp\/v2\/pages\/20511\/revisions\/20640"}],"wp:attachment":[{"href":"https:\/\/cultiverlapluie-lefilm.com\/index.php\/wp-json\/wp\/v2\/media?parent=20511"}],"curies":[{"name":"wp","href":"https:\/\/api.w.org\/{rel}","templated":true}]}}