{"id":2,"date":"2025-07-22T13:47:41","date_gmt":"2025-07-22T13:47:41","guid":{"rendered":"http:\/\/cultiverlapluie-lefilm.com\/?page_id=2"},"modified":"2025-08-31T15:50:07","modified_gmt":"2025-08-31T15:50:07","slug":"sample-page","status":"publish","type":"page","link":"https:\/\/cultiverlapluie-lefilm.com\/index.php\/sample-page\/","title":{"rendered":"Le Livre"},"content":{"rendered":"<div class=\"wpb-content-wrapper\"><section class=\"vc_row wpb_row vc_row-fluid\"><div class=\"wpb_column vc_column_container  col-xs-mobile-fullwidth wow none\"><div class=\"vc_column-inner \"><div class=\"wpb_wrapper\">[vc_custom_heading text=\u00a0\u00bbLE LIVRE\u00a0\u00bb font_container=\u00a0\u00bbtag:h3|text_align:center\u00a0\u00bb use_theme_fonts=\u00a0\u00bbyes\u00a0\u00bb css=\u00a0\u00bb.vc_custom_1756633042984{margin-bottom: 20px !important;}\u00a0\u00bb]<div class=\"last-paragraph-no-margin\"><p style=\"text-align: center;\">Le livre traite d\u2019hydrologie r\u00e9g\u00e9n\u00e9rative, de mara\u00eechage sur sol vivant, d\u2019agroforesterie, des trames bleues et trames vertes, ainsi que des villes \u00e9ponges.<\/p>\n<p style=\"text-align: center;\">Ce livre-enqu\u00eate est une d\u00e9monstration de l\u2019adaptation possible des \u00eatres humains.<\/p>\n<p style=\"text-align: center;\">Il r\u00e9pond clairement \u00e0 la question : quelles politiques et strat\u00e9gies mettre en \u0153uvre sur les territoires \u00e0 l\u2019\u00e9chelle des bassins versants pour restaurer le chemin de l\u2019eau ?<\/p>\n<\/div>[vc_gallery interval=\u00a0\u00bb5&Prime; images=\u00a0\u00bb20550,20551,20552,20553,20554,20555,20556&Prime; img_size=\u00a0\u00bbfull\u00a0\u00bb css_animation=\u00a0\u00bbbottom-to-top\u00a0\u00bb css=\u00a0\u00bb.vc_custom_1756655383112{margin-right: 30% !important;margin-left: 30% !important;}\u00a0\u00bb]<\/div><\/div><\/div><\/section>\n<\/div>","protected":false},"excerpt":{"rendered":"[vc_custom_heading text=\"LE LIVRE\" font_container=\"tag:h3|text_align:center\" use_theme_fonts=\"yes\" css=\".vc_custom_1756633042984{margin-bottom: 20px !important;}\"]Le livre traite d\u2019hydrologie r\u00e9g\u00e9n\u00e9rative, de mara\u00eechage sur sol vivant, d\u2019agroforesterie, des trames bleues et trames vertes, ainsi que des villes \u00e9ponges. Ce livre-enqu\u00eate est une d\u00e9monstration de l\u2019adaptation possible des \u00eatres humains. Il r\u00e9pond clairement \u00e0 la question : quelles politiques et strat\u00e9gies mettre en \u0153uvre sur les territoires \u00e0 l\u2019\u00e9chelle des bassins versants pour restaurer le chemin de l\u2019eau ? [vc_gallery interval=\"5\" images=\"20550,20551,20552,20553,20554,20555,20556\" img_size=\"full\" css_animation=\"bottom-to-top\" css=\".vc_custom_1756655383112{margin-right: 30% !important;margin-left: 30% !important;}\"]","protected":false},"author":1,"featured_media":0,"parent":0,"menu_order":0,"comment_status":"closed","ping_status":"open","template":"","meta":{"footnotes":""},"class_list":["post-2","page","type-page","status-publish","hentry"],"_links":{"self":[{"href":"https:\/\/cultiverlapluie-lefilm.com\/index.php\/wp-json\/wp\/v2\/pages\/2","targetHints":{"allow":["GET"]}}],"collection":[{"href":"https:\/\/cultiverlapluie-lefilm.com\/index.php\/wp-json\/wp\/v2\/pages"}],"about":[{"href":"https:\/\/cultiverlapluie-lefilm.com\/index.php\/wp-json\/wp\/v2\/types\/page"}],"author":[{"embeddable":true,"href":"https:\/\/cultiverlapluie-lefilm.com\/index.php\/wp-json\/wp\/v2\/users\/1"}],"replies":[{"embeddable":true,"href":"https:\/\/cultiverlapluie-lefilm.com\/index.php\/wp-json\/wp\/v2\/comments?post=2"}],"version-history":[{"count":11,"href":"https:\/\/cultiverlapluie-lefilm.com\/index.php\/wp-json\/wp\/v2\/pages\/2\/revisions"}],"predecessor-version":[{"id":20574,"href":"https:\/\/cultiverlapluie-lefilm.com\/index.php\/wp-json\/wp\/v2\/pages\/2\/revisions\/20574"}],"wp:attachment":[{"href":"https:\/\/cultiverlapluie-lefilm.com\/index.php\/wp-json\/wp\/v2\/media?parent=2"}],"curies":[{"name":"wp","href":"https:\/\/api.w.org\/{rel}","templated":true}]}}